{"id":2,"date":"2024-07-23T13:28:52","date_gmt":"2024-07-23T11:28:52","guid":{"rendered":"https:\/\/top-plusz.satoraljaujhely.hu\/?page_id=2"},"modified":"2024-07-24T08:50:45","modified_gmt":"2024-07-24T06:50:45","slug":"ez-egy-minta-oldal","status":"publish","type":"page","link":"https:\/\/top-plusz.satoraljaujhely.hu\/","title":{"rendered":"S\u00e1toralja\u00fajhely V\u00e1ros \u00d6nkorm\u00e1nyzata \u00e1ltal elnyert EU-s projektek"},"content":{"rendered":"<div class=\"wpb-content-wrapper\"><p>[vc_row][vc_column width=&#8221;1\/2&#8243;][vc_column_text css=&#8221;&#8221;]<\/p>\r\n<p>&nbsp;<\/p>\r\n<ul>\r\n<li id=\"menu-item-516\" class=\"menu-item menu-item-type-post_type menu-item-object-page menu-item-516\"><a href=\"https:\/\/top-plusz.satoraljaujhely.hu\/index.php\/kozossegi-celu-fejlesztes-satoraljaujhely-telepulesen-a-top_plusz-1-2-1-21-bo1-2022-00084\/\">K\u00f6z\u00f6ss\u00e9gi c\u00e9l\u00fa fejleszt\u00e9s S\u00e1toralja\u00fajhely telep\u00fcl\u00e9s\u00e9n \u2013 A TOP_PLUSZ-1.2.1-21-BO1-2022-00084<\/a><\/li>\r\n<li id=\"menu-item-524\" class=\"menu-item menu-item-type-post_type menu-item-object-page menu-item-524\"><a href=\"http:\/\/www.nyilvanossag.satoraljaujhely.hu\/szocialis-varosrehabilitacio-folytatasa-satoraljaujhelyen-top_plusz-1-2-2-21-bo1-2022-00002\/\">Szoci\u00e1lis v\u00e1rosrehabilit\u00e1ci\u00f3 folytat\u00e1sa S\u00e1toralja\u00fajhelyen \u2013 TOP_PLUSZ-1.2.2-21-BO1-2022-00002<\/a><\/li>\r\n<li id=\"menu-item-528\" class=\"menu-item menu-item-type-post_type menu-item-object-page menu-item-528\"><a href=\"http:\/\/www.nyilvanossag.satoraljaujhely.hu\/belteruleti-kozutfejlesztes-satoraljaujhelyen-top_plusz-1-2-3-21-bo1-2022-00015\/\">Belter\u00fcleti K\u00f6z\u00fatfejleszt\u00e9s S\u00e1toralja\u00fajhelyen \u2013 TOP_PLUSZ-1.2.3-21-BO1-2022-00015<\/a><\/li>\r\n<li><a href=\"http:\/\/www.nyilvanossag.satoraljaujhely.hu\/komplex-felzarkoztato-program-folytatasa-satoraljaujhely-leromlott-varosreszen-top_plusz-3-1-2-21-bo1-2022-00002\/\">Komplex felz\u00e1rk\u00f3ztat\u00f3 program folytat\u00e1sa S\u00e1toralja\u00fajhely leromlott v\u00e1rosr\u00e9sz\u00e9n \u2013 TOP_PLUSZ-3.1.2-21-BO1-2022-00002<\/a><\/li>\r\n<li id=\"menu-item-532\" class=\"menu-item menu-item-type-post_type menu-item-object-page menu-item-532\"><a href=\"http:\/\/www.nyilvanossag.satoraljaujhely.hu\/onkormanyzati-epuletek-energetikai-korszerusitese-satoraljaujhelyen-top_plusz-2-1-1-21-bo1-2022-000018\/\">\u00d6nkorm\u00e1nyzati \u00e9p\u00fcletek energetikai korszer\u0171s\u00edt\u00e9se S\u00e1toralja\u00fajhelyen \u2013 TOP_PLUSZ-2.1.1-21-BO1-2022-000018<\/a><\/li>\r\n<li id=\"menu-item-512\" class=\"menu-item menu-item-type-post_type menu-item-object-page menu-item-512\"><a href=\"http:\/\/www.nyilvanossag.satoraljaujhely.hu\/belteruleti-zoldinfrastruktura-fejlesztes-satoraljaujhelyen-top_plusz-1-2-1-21-bo1-2022-00062\/\">Belter\u00fcleti z\u00f6ldinfrastrukt\u00fara fejleszt\u00e9s S\u00e1toralja\u00fajhelyen \u2013 TOP_PLUSZ-1.2.1-21-BO1-2022- 00062<\/a><\/li>\r\n<\/ul>\r\n<p><!-- \/wp:paragraph -->\u00a0<\/p>\r\n<p><!-- wp:quote -->\u00a0<\/p>\r\n<p>[\/vc_column_text][\/vc_column][vc_column width=&#8221;1\/2&#8243;][\/vc_column][\/vc_row][vc_row][vc_column width=&#8221;1\/2&#8243;][\/vc_column][\/vc_row]<\/p><\/div>","protected":false},"excerpt":{"rendered":"<p class=\"post-excerpt\">[vc_row][vc_column width=&#8221;1\/2&#8243;][vc_column_text css=&#8221;&#8221;] &nbsp; K\u00f6z\u00f6ss\u00e9gi c\u00e9l\u00fa fejleszt\u00e9s S\u00e1toralja\u00fajhely telep\u00fcl\u00e9s\u00e9n \u2013 A TOP_PLUSZ-1.2.1-21-BO1-2022-00084 Szoci\u00e1lis v\u00e1rosrehabilit\u00e1ci\u00f3 folytat\u00e1sa S\u00e1toralja\u00fajhelyen \u2013 TOP_PLUSZ-1.2.2-21-BO1-2022-00002 Belter\u00fcleti K\u00f6z\u00fatfejleszt\u00e9s&#8230;<\/p>\n","protected":false},"author":1,"featured_media":0,"parent":0,"menu_order":0,"comment_status":"closed","ping_status":"open","template":"","meta":{"footnotes":""},"class_list":["post-2","page","type-page","status-publish","hentry"],"_links":{"self":[{"href":"https:\/\/top-plusz.satoraljaujhely.hu\/index.php\/wp-json\/wp\/v2\/pages\/2"}],"collection":[{"href":"https:\/\/top-plusz.satoraljaujhely.hu\/index.php\/wp-json\/wp\/v2\/pages"}],"about":[{"href":"https:\/\/top-plusz.satoraljaujhely.hu\/index.php\/wp-json\/wp\/v2\/types\/page"}],"author":[{"embeddable":true,"href":"https:\/\/top-plusz.satoraljaujhely.hu\/index.php\/wp-json\/wp\/v2\/users\/1"}],"replies":[{"embeddable":true,"href":"https:\/\/top-plusz.satoraljaujhely.hu\/index.php\/wp-json\/wp\/v2\/comments?post=2"}],"version-history":[{"count":7,"href":"https:\/\/top-plusz.satoraljaujhely.hu\/index.php\/wp-json\/wp\/v2\/pages\/2\/revisions"}],"predecessor-version":[{"id":81,"href":"https:\/\/top-plusz.satoraljaujhely.hu\/index.php\/wp-json\/wp\/v2\/pages\/2\/revisions\/81"}],"wp:attachment":[{"href":"https:\/\/top-plusz.satoraljaujhely.hu\/index.php\/wp-json\/wp\/v2\/media?parent=2"}],"curies":[{"name":"wp","href":"https:\/\/api.w.org\/{rel}","templated":true}]}}